{"id":742,"date":"2021-09-25T20:56:42","date_gmt":"2021-09-25T20:56:42","guid":{"rendered":"http:\/\/4bus.pl\/?page_id=742"},"modified":"2023-03-14T18:07:10","modified_gmt":"2023-03-14T18:07:10","slug":"iveco-daily","status":"publish","type":"page","link":"https:\/\/4bus.pl\/index.php\/iveco-daily\/","title":{"rendered":"Iveco Daily"},"content":{"rendered":"\n<figure class=\"wp-block-image size-large\"><img decoding=\"async\" src=\"http:\/\/4bus.pl\/wp-content\/uploads\/2021\/09\/1422186496_iveco-daily-4-1024x638.jpg\" alt=\"\" class=\"wp-image-777\"\/><\/figure>\n\n\n\n<p>Iveco Daily to ci\u0119\u017cki samoch\u00f3d dostawczy produkowany przez w\u0142osk\u0105 firm\u0119 Iveco od 1978 roku. Jest to jeden z najbardziej popularnych samochod\u00f3w dostawczych w Europie, kt\u00f3ry wyr\u00f3\u017cnia si\u0119 wysok\u0105 no\u015bno\u015bci\u0105, pojemno\u015bci\u0105 \u0142adunkow\u0105 oraz szerok\u0105 gam\u0105 silnik\u00f3w.<\/p>\n\n\n\n<p>Iveco Daily jest dost\u0119pny w wielu wersjach, w tym jako furgon, podwozie z kabina, autobus, platforma oraz wersja z nap\u0119dem na cztery ko\u0142a. Samoch\u00f3d oferuje r\u00f3\u017cne rozmiary nadwozia, co umo\u017cliwia dostosowanie go do r\u00f3\u017cnych potrzeb biznesowych.<\/p>\n\n\n\n<p>W zale\u017cno\u015bci od wersji, Iveco Daily mo\u017ce by\u0107 wyposa\u017cone w silniki wysokopr\u0119\u017cne o pojemno\u015bci od 2,3 do 3,0 litra, z moc\u0105 od 116 do 205 KM. W samochodzie mo\u017cna znale\u017a\u0107 wiele zaawansowanych rozwi\u0105za\u0144 technologicznych, takich jak systemy bezpiecze\u0144stwa, asystenta pasa ruchu, tempomatu adaptacyjnego, czy systemu multimedialnego.<\/p>\n\n\n\n<p>Iveco Daily jest popularnym wyborem w\u015br\u00f3d przedsi\u0119biorc\u00f3w i firm transportowych, kt\u00f3rzy potrzebuj\u0105 niezawodnego i wydajnego samochodu dostawczego do codziennej pracy.<\/p>\n","protected":false},"excerpt":{"rendered":"<p>Iveco Daily to ci\u0119\u017cki samoch\u00f3d dostawczy produkowany przez w\u0142osk\u0105 firm\u0119 Iveco od 1978 roku. Jest to jeden z najbardziej popularnych samochod\u00f3w dostawczych w Europie, kt\u00f3ry wyr\u00f3\u017cnia si\u0119 wysok\u0105 no\u015bno\u015bci\u0105, pojemno\u015bci\u0105 \u0142adunkow\u0105 oraz szerok\u0105 gam\u0105 silnik\u00f3w. Iveco Daily jest dost\u0119pny w wielu wersjach, w tym jako furgon, podwozie z kabina, autobus,&#8230;<\/p>\n","protected":false},"author":1,"featured_media":777,"parent":0,"menu_order":0,"comment_status":"closed","ping_status":"closed","template":"","meta":[],"_links":{"self":[{"href":"https:\/\/4bus.pl\/index.php\/wp-json\/wp\/v2\/pages\/742"}],"collection":[{"href":"https:\/\/4bus.pl\/index.php\/wp-json\/wp\/v2\/pages"}],"about":[{"href":"https:\/\/4bus.pl\/index.php\/wp-json\/wp\/v2\/types\/page"}],"author":[{"embeddable":true,"href":"https:\/\/4bus.pl\/index.php\/wp-json\/wp\/v2\/users\/1"}],"replies":[{"embeddable":true,"href":"https:\/\/4bus.pl\/index.php\/wp-json\/wp\/v2\/comments?post=742"}],"version-history":[{"count":6,"href":"https:\/\/4bus.pl\/index.php\/wp-json\/wp\/v2\/pages\/742\/revisions"}],"predecessor-version":[{"id":850,"href":"https:\/\/4bus.pl\/index.php\/wp-json\/wp\/v2\/pages\/742\/revisions\/850"}],"wp:featuredmedia":[{"embeddable":true,"href":"https:\/\/4bus.pl\/index.php\/wp-json\/wp\/v2\/media\/777"}],"wp:attachment":[{"href":"https:\/\/4bus.pl\/index.php\/wp-json\/wp\/v2\/media?parent=742"}],"curies":[{"name":"wp","href":"https:\/\/api.w.org\/{rel}","templated":true}]}}