{"id":413,"date":"2020-01-13T18:11:41","date_gmt":"2020-01-13T18:11:41","guid":{"rendered":"http:\/\/4bus.pl\/?page_id=413"},"modified":"2020-01-13T18:13:45","modified_gmt":"2020-01-13T18:13:45","slug":"zasady-sprzedazy","status":"publish","type":"page","link":"https:\/\/4bus.pl\/index.php\/zasady-sprzedazy\/","title":{"rendered":"Zasady sprzeda\u017cy"},"content":{"rendered":"<p>[su_spoiler title=&#8221;Sprzeda\u017c stacjonarna&#8221; style=&#8221;fancy&#8221; icon=&#8221;arrow&#8221;]<\/p>\n<p>Sprzeda\u017c stacjonarna odbywa si\u0119 w siedzibie firmy tj. w Radomiu , ul. Kielecka 27.<\/p>\n<p>Kupuj\u0105cy otrzymuje paragon z kasy fiskalnej lub faktur\u0119 VAT.<\/p>\n<p>Na wszystkie zakupione u nas towary udzielamy 12 miesi\u0119cznej gwarancji.<\/p>\n<p>Sprzeda\u017cy stacjonarna odbywa si\u0119 na podstawie&nbsp;Ustawy z dnia 27 lipca 2002 r. o szczeg\u00f3lnych warunkach sprzeda\u017cy konsumenckiej oraz o zmianie Kodeksu cywilnego (Dz.U. 2002 nr 141 poz. 1176 ze zm.)<\/p>\n<p>[\/su_spoiler]<\/p>\n\n\n<p>[su_spoiler title=&#8221;Sprzeda\u017c internetowa&#8221; style=&#8221;fancy&#8221; icon=&#8221;arrow&#8221;]<\/p>\n<p>Sprzeda\u017c internetowa odbywa poprzez zam\u00f3wienie cz\u0119\u015bci za pomoc\u0105 <a title=\"Zam\u00f3wienia\" href=\"http:\/\/4bus.pl\/index.php\/zamowienia\/\" target=\"_blank\" rel=\"noopener noreferrer\"><span style=\"text-decoration: underline;\"><span style=\"color: #ff0000; text-decoration: underline;\">Formularza<\/span><\/span><\/a><\/p>\n<p>Zakupiony towar Klient mo\u017ce zwr\u00f3ci\u0107 bez podania przyczyny w terminie 14 dni. Zwracany towar musi by\u0107 w stanie niezmienionym oraz zawiera\u0107 dokument zakupu wraz z <a href=\"http:\/\/4bus.pl\/wp-content\/uploads\/2020\/01\/odstapienie-od-umowy.pdf\" target=\"_blank\" rel=\"noopener noreferrer\"><span style=\"text-decoration: underline;\"><span style=\"color: #ff0000; text-decoration: underline;\">O\u015bwiadczeniem o odst\u0105pieniu od Umowy zawartej na odleg\u0142o\u015b\u0107<\/span><\/span><\/a> (wz\u00f3r do pobrania po klikni\u0119ciu na link lub w sekcji &#8222;Dokumenty&#8221;).<\/p>\n<p>Na wszystkie zakupione u nas towary udzielamy 12 miesi\u0119cznej gwarancji.<\/p>\n<p>Pami\u0119taj, \u017ce dokonuj\u0105c zakupu zezwalasz na podanie swoich danych osobowych firmie spedycyjnej oraz wyra\u017casz zgod\u0119 na otrzymywanie korespondencji (w tym ofert handlowych, newsletter\u00f3w itd.) od&nbsp;naszej firmy.<\/p>\n<p>Sprzeda\u017c na odleg\u0142o\u015b\u0107 odbywa si\u0119 na podstawie&nbsp;Ustawy z dnia 30 maja 2014 r. o prawach konsumenta oraz Ustawy z dnia 27 lipca 2002 r. o szczeg\u00f3lnych warunkach sprzeda\u017cy konsumenckiej oraz o zmianie Kodeksu cywilnego (Dz.U. 2002 nr 141 poz. 1176 ze zm.)<\/p>\n<p>[\/su_spoiler]<\/p>\n\n\n<p>[su_spoiler title=&#8221;Sprzeda\u017c akumulator\u00f3w&#8221; style=&#8221;fancy&#8221; icon=&#8221;arrow&#8221;]<\/p>\n<p>PRZY ZAKUPIE AKUMULATORA OBOWI\u0104ZUJE ZWROT STAREGO AKUMULATORA<br \/>\nZGODNIE Z PRZEPISEM Z Art. 21 USTAWY O OBOWI\u0104ZKACH PRZEDSI\u0118BIORC\u00d3W W ZAKRESIE GOSPODAROWANIA ORAZ OP\u0141ACIE PRODUKTOWEJ I DEPOZYTOWEJ . DZIENNIK USTAW 63 POZYCJA 639 Z DNIA 11.05.2001<\/p>\n<p>[\/su_spoiler]<\/p>\n\n\n<p>[su_spoiler title=&#8221;Sprzeda\u017c cz\u0119\u015bci elektrycznych i elektronicznych&#8221; style=&#8221;fancy&#8221; icon=&#8221;arrow&#8221;]<\/p>\n<p>Zakupione cz\u0119\u015bci elektryczne i elektroniczne nie podlegaj\u0105 zwrotowi.<\/p>\n<p>Przyj\u0119cie w\/w cz\u0119\u015bci mo\u017cliwe jest jedynie w trybie reklamacji.<\/p>\n<p>[\/su_spoiler]<\/p>\n\n\n<p>[su_spoiler title=&#8221;Gwarancja&#8221; style=&#8221;fancy&#8221; icon=&#8221;arrow&#8221;]<\/p>\n<p>Na wszystkie zakupione u nas towary udzielamy 12 miesi\u0119cznej gwarancji na podstawie dowodu zakupu (w przypadku niekt\u00f3rych cz\u0119\u015bci eksploatacyjnych o okresie gwarancji decyduje przebieg pojazdu od momentu zamontowania cz\u0119\u015bci &#8211; zgodnie z wymogami producenta).<\/p>\n<p>W przypadku reklamacji prosimy o dostarczenie towaru wraz z dowodem zakupu oraz wype\u0142nionym <span style=\"color: #000000;\"><em>Formularzem reklamacyjnym<\/em><\/span>&nbsp;(formularz otrzymaj\u0105 Pa\u0144stwo po wcze\u015bniejszym kontakcie telefonicznym).<\/p>\n<p>[\/su_spoiler]<\/p>\n\n\n<p>[su_spoiler title=&#8221;Dokumenty&#8221; style=&#8221;fancy&#8221; icon=&#8221;arrow&#8221;]<\/p>\n<p>[su_document url=&#8221;http:\/\/4bus.pl\/wp-content\/uploads\/2020\/01\/odstapienie-od-umowy.pdf&#8221;]<\/p>\n<p>[su_document url=&#8221;http:\/\/4bus.pl\/wp-content\/uploads\/2020\/01\/druk-reklamacyjny.pdf&#8221;]<\/p>\n<p>[\/su_spoiler]<\/p>\n\n\n<p>[su_spoiler title=&#8221;Regulamin wysy\u0142ki&#8221; style=&#8221;fancy&#8221; icon=&#8221;arrow&#8221;]<\/p>\n<p>Towar wysy\u0142amy za po\u015brednictwem Poczty Polskiej oraz firmy kurierskiej DPD. Koszt wysy\u0142ki zawiera tak\u017ce koszty opakowania. Koszt wysy\u0142ki znajdziecie Pa\u0144stwo w sekcji &#8222;Cenniki przesy\u0142ek&#8221;.<\/p>\n<p><span style=\"font-size: medium;\">W MOMENCIE ODBIORU PACZKI PROSZ\u0118 ZASTOSOWA\u0106 SI\u0118 DO PONI\u017bSZYCH PUNKT\u00d3W:<\/span><\/p>\n<p>1. <span style=\"font-size: small;\">UREGULOWA\u0106 POBRANIE KWOTOWE W WYSOKO\u015aCI WPISANEJ NA LI\u015aCIE PRZEWOZOWYM<\/span><\/p>\n<p>2. <span style=\"font-size: small;\">PODPISA\u0106 LIST PRZEWOZOWY<\/span><\/p>\n<p><span style=\"font-size: small;\">3. W OBECNO\u015aCI KURIERA SPRAWD\u0179 ZAWARTO\u015a\u0106 PACZKI POD WZGL\u0118DEM ZGODNO\u015aCI Z ZAM\u00d3WIENIEM I USZKODZE\u0143 MECHANICZNYCH CZ\u0118\u015aCI<\/span><\/p>\n<p><span style=\"font-size: small;\">4. JE\u017bELI S\u0104 USZKODZENIA LUB BRAK NALE\u017bY OD RAZU WRAZ Z KURIEREM SPISA\u0106 PROTOK\u00d3\u0141 SZKODY I ODM\u00d3WI\u0106 PRZYJ\u0118CIA , ROBI\u0104C STOSOWNE NOTATKI NA LI\u015aCIE PRZEWOZOWYM<\/span><\/p>\n<p><span style=\"font-size: small;\">JE\u017bELI ZAISTNIA\u0141ABY KT\u00d3RA\u015a Z W\/W SYTUACJI PROSIMY O SZYBKI KONTAKT. TAKA PACZKA WRACA DO NAS NA NASZ KOSZT. PO OTRZYMANIU ZWROTU OD<span style=\"color: #ff0000;\"><span style=\"color: #000000;\"> RAZU WYSY\u0141AMY NOW\u0104 CZ\u0118\u015a\u0106.<\/span><\/span><\/span><\/p>\n<p><span style=\"font-size: small;\">JE\u017bELI NIE ZOSTANIE SPISANY PROTOK\u00d3\u0141 SZKODY W OBECNO\u015aCI KURIERA W MOMENCIE ODBIORU PACZKI NASZA FIRMA NIE JEST W OBOWI\u0104ZKU WYS\u0141ANIA NOWEJ CZ\u0118\u015aCI. W TAKIEJ SYTUACJI MO\u017bEMY Z\u0141O\u017bY\u0106 REKLAMACJ\u0118 W FIRMIE KURIERSKIEJ, JEDNAK UZNANIE JEJ W TAKIEJ SYTUACJI JEST MA\u0141O PRAWDOPODOBNE, PONIEWA\u017b PACZKA ZOSTA\u0141A ODEBRANA BEZ ZASTRZE\u017bE\u0143, A USZKODZENIE NAST\u0104PI\u0141O W FIRMIE KURIERSKIEJ P\u00d3\u0179NIEJ.<\/span><\/p>\n<p>[\/su_spoiler]<\/p>\n\n\n<p>[su_spoiler title=&#8221;Cenniki przesy\u0142ek&#8221; style=&#8221;fancy&#8221; icon=&#8221;arrow&#8221;]<\/p>\n<p><a href=\"http:\/\/4bus.pl\/wp-content\/uploads\/2020\/01\/poczta.jpg\"><img decoding=\"async\" loading=\"lazy\" class=\"alignnone size-full wp-image-425\" src=\"http:\/\/4bus.pl\/wp-content\/uploads\/2020\/01\/poczta.jpg\" alt=\"pocztex_logo\" width=\"403\" height=\"96\"><\/a><\/p>\n<table style=\"height: 62px;\" width=\"710\">\n<tbody>\n<tr>\n<td>PRZESY\u0141KA PRZY WP\u0141ACIE NA KONTO<\/td>\n<td>16 z\u0142<\/td>\n<\/tr>\n<tr>\n<td>PRZESY\u0141KA POBRANIOWA (p\u0142atna u kuriera)<\/td>\n<td>20 z\u0142<\/td>\n<\/tr>\n<\/tbody>\n<\/table>\n<p><a href=\"http:\/\/4bus.pl\/wp-content\/uploads\/2020\/01\/kurierzy.png\"><img decoding=\"async\" loading=\"lazy\" class=\"alignnone size-full wp-image-426\" src=\"http:\/\/4bus.pl\/wp-content\/uploads\/2020\/01\/kurierzy.png\" alt=\"dpd_logo\" width=\"256\" height=\"86\"><\/a><\/p>\n<table style=\"height: 62px;\" width=\"710\">\n<tbody>\n<tr>\n<td>PRZESY\u0141KA PRZY WP\u0141ACIE NA KONTO<\/td>\n<td>20 z\u0142<\/td>\n<\/tr>\n<tr>\n<td>PRZESY\u0141KA POBRANIOWA (p\u0142atna u kuriera)<\/td>\n<td>25 z\u0142<\/td>\n<\/tr>\n<\/tbody>\n<\/table>\n<p>[\/su_spoiler]<\/p>\n","protected":false},"excerpt":{"rendered":"","protected":false},"author":1,"featured_media":0,"parent":0,"menu_order":0,"comment_status":"closed","ping_status":"closed","template":"page-templates\/page_fullwidth.php","meta":[],"_links":{"self":[{"href":"https:\/\/4bus.pl\/index.php\/wp-json\/wp\/v2\/pages\/413"}],"collection":[{"href":"https:\/\/4bus.pl\/index.php\/wp-json\/wp\/v2\/pages"}],"about":[{"href":"https:\/\/4bus.pl\/index.php\/wp-json\/wp\/v2\/types\/page"}],"author":[{"embeddable":true,"href":"https:\/\/4bus.pl\/index.php\/wp-json\/wp\/v2\/users\/1"}],"replies":[{"embeddable":true,"href":"https:\/\/4bus.pl\/index.php\/wp-json\/wp\/v2\/comments?post=413"}],"version-history":[{"count":12,"href":"https:\/\/4bus.pl\/index.php\/wp-json\/wp\/v2\/pages\/413\/revisions"}],"predecessor-version":[{"id":456,"href":"https:\/\/4bus.pl\/index.php\/wp-json\/wp\/v2\/pages\/413\/revisions\/456"}],"wp:attachment":[{"href":"https:\/\/4bus.pl\/index.php\/wp-json\/wp\/v2\/media?parent=413"}],"curies":[{"name":"wp","href":"https:\/\/api.w.org\/{rel}","templated":true}]}}