{"id":3,"date":"2019-12-28T15:28:14","date_gmt":"2019-12-28T15:28:14","guid":{"rendered":"http:\/\/4bus.pl\/?page_id=3"},"modified":"2023-08-13T16:15:29","modified_gmt":"2023-08-13T16:15:29","slug":"privacy-policy","status":"publish","type":"page","link":"https:\/\/4bus.pl\/index.php\/privacy-policy\/","title":{"rendered":"RODO"},"content":{"rendered":"\n<p><strong>Polityka Prywatno\u015bci okre\u015bla zasady przetwarzania i\nochrony danych osobowych, przekazywanych przez U\u017cytkownik\u00f3w serwisu\ninternetowego 4bus.pl zwanego dalej Serwisem.<\/strong><\/p>\n\n\n\n<ol>\n<li>Administratorem danych      osobowych, zawartych w Serwisie, jest firma <strong>4BUS.PL Tomasz Gajda<\/strong> z      siedzib\u0105 w miejscowo\u015bci Radom, ul. Kielecka 27, NIP 7962214297, REGON 384703451 zwanym dalej Administratorem. <\/li>\n\n\n\n<li>Serwis internetowy pozyskuje\n     informacje o U\u017cytkownikach wprowadzone w formularzach na podstawie zgody\n     wyra\u017conej przez nich samych. <\/li>\n\n\n\n<li>Przekazane dane przetwarzane s\u0105\n     w celu wynikaj\u0105cym z funkcji konkretnego formularza, np. w celu odpowiedzi\n     na zadane pytanie. <\/li>\n\n\n\n<li>U\u017cytkownik, kt\u00f3ry umie\u015bci\u0142 dane\n     w formularzu ma prawo do:\n<ol type=\"a\">\n<li>wgl\u0105du, modyfikacji, usuwania\n      danych osobowych,<\/li>\n\n\n\n<li>ograniczenia przetwarzania\n      oraz \u017c\u0105dania zaprzestania przetwarzania swoich danych w dowolnym\n      momencie,<\/li>\n\n\n\n<li>cofni\u0119cia zgody w dowolnym\n      momencie &#8211; cofni\u0119cie zgody nie wp\u0142ywa na legalno\u015b\u0107 przetwarzania\n      dokonanego przed jej cofni\u0119ciem,<\/li>\n\n\n\n<li>przenoszenia danych do innego\n      Administratora danych osobowych<\/li>\n\n\n\n<li>z\u0142o\u017cenia skargi do organu\n      nadzorczego.<\/li>\n<\/ol>\n<\/li>\n\n\n\n<li>Dane osobowe podane przez\n     U\u017cytkownika w formularzu b\u0119d\u0105 przetwarzane przez okres nie d\u0142u\u017cszy ni\u017c\n     jest to niezb\u0119dne do cel\u00f3w, w kt\u00f3rych zosta\u0142y podane oraz do czasu\n     istnienia obowi\u0105zk\u00f3w prawnych, ksi\u0119gowych i podatkowych Administratora, a\n     tak\u017ce do czasu przedawnienia ewentualnych roszcze\u0144. Je\u017celi zosta\u0142a\n     wyra\u017cona zgoda na przetwarzanie danych osobowych &#8211; do czasu cofni\u0119cia zgody.\n     <\/li>\n\n\n\n<li>Administrator dope\u0142nia\n     nale\u017cytej staranno\u015bci w celu odpowiedniego zabezpieczenia przekazanych\n     danych osobowych, a w szczeg\u00f3lno\u015bci przed ich udost\u0119pnieniem osobom\n     nieupowa\u017cnionym. <\/li>\n\n\n\n<li>Podane dane osobowe mog\u0105 by\u0107\n     udost\u0119pniane tylko podmiotom, kt\u00f3re posiadaj\u0105 podstaw\u0119 prawn\u0105 wynikaj\u0105c\u0105 z\n     przepis\u00f3w polskiego prawa. <\/li>\n\n\n\n<li>Podmioty gromadz\u0105ce i\n     przetwarzaj\u0105ce dane osobowe w serwisie internetowym pochodz\u0105 w g\u0142\u00f3wnej\n     mierze z Polski i kraj\u00f3w Europejskiego Obszaru Gospodarczego (EOG).\n     Niekt\u00f3rzy z dostawc\u00f3w maj\u0105 swoj\u0105 siedzib\u0119 poza EOG (np Google Inc. posiada\n     siedzib\u0119 w USA i dostarcza us\u0142ug\u0119 statystyk serwisu internetowego o nazwie\n     Google Analytics). Podmioty te s\u0105 zobowi\u0105zane do przestrzegania zasad\n     okre\u015blonych w ramach programu Tarcza Prywatno\u015bci UE-USA, dotycz\u0105cych\n     gromadzenia, wykorzystywania i przechowywania danych osobowych obywateli\n     Unii Europejskiej (decyzja wykonawcza Komisji (UE) 2016\/1250 z dnia 12\n     lipca 2016 r. w sprawie adekwatno\u015bci ochrony zapewnianej przez Tarcz\u0119\n     Prywatno\u015bci UE-USA) oraz klauzul umownych przyj\u0119tych przez Komisj\u0119 UE. <\/li>\n\n\n\n<li>Podstawy prawne zwi\u0105zane z\n     przetwarzaniem danych osobowych:\n<ol type=\"a\">\n<li>Ustawa z dnia 18 lipca 2002 r.\n      o \u015bwiadczeniu us\u0142ug drog\u0105 elektroniczn\u0105 (u\u015bude);<\/li>\n\n\n\n<li>Ustawa z dnia 16 lipca 2004 r\n      Prawo Telekomunikacyjne (PrTel);<\/li>\n\n\n\n<li>Rozporz\u0105dzenie Parlamentu\n      Europejskiego i Rady (UE) 2016\/679 z dnia 27 kwietnia 2016 r. w sprawie\n      ochrony os\u00f3b fizycznych w zwi\u0105zku z przetwarzaniem danych osobowych i w\n      sprawie swobodnego przep\u0142ywu takich danych oraz uchylenia dyrektywy\n      95\/46\/WE; (RODO).<\/li>\n<\/ol>\n<\/li>\n<\/ol>\n\n\n\n<p><strong>Kontakt<\/strong><\/p>\n\n\n\n<p>Pytania\ndotycz\u0105ce polityki prywatno\u015bci nale\u017cy kierowa\u0107 na adres: biuro@4bus.pl.<br>\nAdministrator zastrzega sobie prawo do zmian w polityce prywatno\u015bci.<br>\nWszelkie zmiany zostan\u0105 niezw\u0142ocznie udost\u0119pnione w Serwisie. <\/p>\n\n\n\n<p><strong>Polityka wykorzystywania plik\u00f3w cookies<\/strong><\/p>\n\n\n\n<p>Pliki\ncookies to dane informatyczne, przechowywane na urz\u0105dzeniach ko\u0144cowych\nU\u017cytkownik\u00f3w, przeznaczone do korzystania ze stron internetowych. <\/p>\n\n\n\n<ol>\n<li>Serwis internetowy 4bus.pl      nie zbiera w spos\u00f3b automatyczny \u017cadnych informacji, z wyj\u0105tkiem zawartych      w plikach cookies. Nale\u017c\u0105 do nich: adres IP, nazwa domeny, typ      przegl\u0105darki, rodzaj systemu operacyjnego oraz dane o \u015bcie\u017cce nawigacji      U\u017cytkownika i o czasie jego pozostawania na okre\u015blonych podstronach. <\/li>\n\n\n\n<li>Administrator mo\u017ce\n     wykorzystywa\u0107 pliki cookies w celu:\n<ol type=\"a\">\n<li>zwi\u0119kszenia u\u017cyteczno\u015bci\n      serwisu internetowego i dopasowania jego zawarto\u015bci do indywidualnych\n      preferencji U\u017cytkownika<\/li>\n\n\n\n<li>tworzenia anonimowych\n      statystyk na podstawie systemu Google Analytics (analizy dzia\u0142a\u0144\n      U\u017cytkownik\u00f3w w serwisie internetowym i danych demograficznych) z\n      wy\u0142\u0105czeniem mo\u017cliwo\u015bci identyfikacji U\u017cytkownika<\/li>\n\n\n\n<li>wy\u015bwietlania reklam\n      remarketingowych za po\u015brednictwem systemu Google AdWords do U\u017cytkownik\u00f3w,\n      kt\u00f3rzy odwiedzili serwis internetowy<\/li>\n\n\n\n<li>wy\u015bwietlania reklam\n      spersonalizowanych, dopasowanych do zainteresowa\u0144 u\u017cytkownik\u00f3w i ich\n      zachowa\u0144 w sieci<\/li>\n<\/ol>\n<\/li>\n\n\n\n<li>Szczeg\u00f3\u0142owe informacje\n     dotycz\u0105ce sposob\u00f3w obs\u0142ugi plik\u00f3w cookies znajduj\u0105 si\u0119 w ustawieniach\n     przegl\u0105darki internetowej. Za pomoc\u0105 tych ustawie\u0144 mo\u017cliwe jest okre\u015blenie\n     zakresu zgody U\u017cytkownika na umieszczanie tego typu plik\u00f3w w jego\n     przegl\u0105darce. Ograniczenie stosowania lub uniemo\u017cliwienie wykorzystania\n     plik\u00f3w cookies mo\u017ce jednak wp\u0142yn\u0105\u0107 na niekt\u00f3re z funkcjonalno\u015bci serwisu\n     internetowego. <\/li>\n<\/ol>\n\n\n\n<p><strong>Kontakt<\/strong><\/p>\n\n\n\n<p>Pytania\ndotycz\u0105ce polityki wykorzystywania plik\u00f3w cookies nale\u017cy kierowa\u0107 na adres: biuro@4bus.pl.<br>\nAdministrator zastrzega sobie prawo do zmian w polityce wykorzystania plik\u00f3w\ncookies.<br>\nWszelkie zmiany zostan\u0105 niezw\u0142ocznie udost\u0119pnione w Serwisie. <\/p>\n\n\n\n<p><strong>Zasady bezpiecze\u0144stwa<\/strong><\/p>\n\n\n\n<ol>\n<li>U\u017cytkownik serwisu\n     internetowego powinien dba\u0107 o bezpiecze\u0144stwo swoich urz\u0105dze\u0144, kt\u00f3re maj\u0105\n     dost\u0119p do Internetu. Urz\u0105dzenie powinno posiada\u0107 program antywirusowy z\n     aktualn\u0105 baz\u0105 definicji wirus\u00f3w, aktualn\u0105 i bezpieczn\u0105 wersj\u0119 przegl\u0105darki\n     internetowej oraz w\u0142\u0105czon\u0105 zapor\u0119 sieciow\u0105 &#8222;firewall&#8221;. <\/li>\n\n\n\n<li>Zaleca si\u0119 w\u0142\u0105czenie w\n     przegl\u0105darce internetowej filtr\u00f3w antyphishingowych (narz\u0119dzi), kt\u00f3re\n     sprawdzaj\u0105, czy wy\u015bwietlona strona internetowa jest autentyczna i nie\n     s\u0142u\u017cy wy\u0142udzaniu informacji, np. poprzez podszywanie si\u0119 pod instytucj\u0119\n     lub dany podmiot gospodarczy. <\/li>\n\n\n\n<li>Zaleca si\u0119 ostro\u017cno\u015b\u0107 podczas\n     otwierania za\u0142\u0105cznik\u00f3w lub klikania odno\u015bnik\u00f3w w wiadomo\u015bciach e-mail,\n     kt\u00f3rych U\u017cytkownik si\u0119 nie spodziewa\u0142 np. od nieznanych nadawc\u00f3w. W\n     przypadku w\u0105tpliwo\u015bci warto skontaktowa\u0107 si\u0119 z nadawc\u0105 np. telefonicznie. <\/li>\n\n\n\n<li>Pliki powinny by\u0107 pobierane\n     tylko z zaufanych miejsc. Wysoce ryzykowne jest instalowanie\n     oprogramowania z niezweryfikowanych \u017ar\u00f3de\u0142. <\/li>\n\n\n\n<li>U\u017cytkownik serwisu korzystaj\u0105cy\n     z domowej sieci Wi-Fi powinien ustawi\u0107 bezpieczne i trudne do z\u0142amania\n     has\u0142o dost\u0119pu do sieci. Rekomenduje si\u0119 tak\u017ce korzystanie najwy\u017cszych\n     mo\u017cliwych standard\u00f3w szyfrowania sieci bezprzewodowych Wi-Fi, kt\u00f3re s\u0105\n     mo\u017cliwe do uruchomienia na posiadanym sprz\u0119cie np. WPA2. <\/li>\n<\/ol>\n","protected":false},"excerpt":{"rendered":"<p>Polityka Prywatno\u015bci okre\u015bla zasady przetwarzania i ochrony danych osobowych, przekazywanych przez U\u017cytkownik\u00f3w serwisu internetowego 4bus.pl zwanego dalej Serwisem. Kontakt Pytania dotycz\u0105ce polityki prywatno\u015bci nale\u017cy kierowa\u0107 na adres: biuro@4bus.pl. Administrator zastrzega sobie prawo do zmian w polityce prywatno\u015bci. Wszelkie zmiany zostan\u0105 niezw\u0142ocznie udost\u0119pnione w Serwisie. Polityka wykorzystywania plik\u00f3w cookies Pliki cookies&#8230;<\/p>\n","protected":false},"author":1,"featured_media":0,"parent":0,"menu_order":0,"comment_status":"closed","ping_status":"closed","template":"page-templates\/page_fullwidth.php","meta":[],"_links":{"self":[{"href":"https:\/\/4bus.pl\/index.php\/wp-json\/wp\/v2\/pages\/3"}],"collection":[{"href":"https:\/\/4bus.pl\/index.php\/wp-json\/wp\/v2\/pages"}],"about":[{"href":"https:\/\/4bus.pl\/index.php\/wp-json\/wp\/v2\/types\/page"}],"author":[{"embeddable":true,"href":"https:\/\/4bus.pl\/index.php\/wp-json\/wp\/v2\/users\/1"}],"replies":[{"embeddable":true,"href":"https:\/\/4bus.pl\/index.php\/wp-json\/wp\/v2\/comments?post=3"}],"version-history":[{"count":6,"href":"https:\/\/4bus.pl\/index.php\/wp-json\/wp\/v2\/pages\/3\/revisions"}],"predecessor-version":[{"id":857,"href":"https:\/\/4bus.pl\/index.php\/wp-json\/wp\/v2\/pages\/3\/revisions\/857"}],"wp:attachment":[{"href":"https:\/\/4bus.pl\/index.php\/wp-json\/wp\/v2\/media?parent=3"}],"curies":[{"name":"wp","href":"https:\/\/api.w.org\/{rel}","templated":true}]}}